{"id":3181,"date":"2024-11-13T18:45:43","date_gmt":"2024-11-13T17:45:43","guid":{"rendered":"https:\/\/www.nord-adventure.ch\/?page_id=3181"},"modified":"2025-12-01T17:53:19","modified_gmt":"2025-12-01T16:53:19","slug":"reisen","status":"publish","type":"page","link":"https:\/\/www.nord-adventure.ch\/fr\/reisen\/","title":{"rendered":"Voyages"},"content":{"rendered":"<div data-elementor-type=\"wp-post\" data-elementor-id=\"3181\" class=\"elementor elementor-3181\">\n\t\t\t\t\t\t<section class=\"elementor-section elementor-top-section elementor-element elementor-element-51380cb8 elementor-section-height-min-height elementor-section-full_width elementor-section-content-middle elementor-section-height-default elementor-section-items-middle\" data-id=\"51380cb8\" data-element_type=\"section\" data-settings=\"{&quot;background_background&quot;:&quot;classic&quot;,&quot;animation&quot;:&quot;none&quot;}\">\n\t\t\t\t\t\t\t<div class=\"elementor-background-overlay\"><\/div>\n\t\t\t\t\t\t\t<div class=\"elementor-container elementor-column-gap-default\">\n\t\t\t\t\t<div class=\"elementor-column elementor-col-100 elementor-top-column elementor-element elementor-element-4caba64c\" data-id=\"4caba64c\" data-element_type=\"column\">\n\t\t\t<div class=\"elementor-widget-wrap elementor-element-populated\">\n\t\t\t\t\t\t<div class=\"elementor-element elementor-element-76c71a5 elementor-widget elementor-widget-spacer\" data-id=\"76c71a5\" data-element_type=\"widget\" data-widget_type=\"spacer.default\">\n\t\t\t\t<div class=\"elementor-widget-container\">\n\t\t\t\t\t\t\t<div class=\"elementor-spacer\">\n\t\t\t<div class=\"elementor-spacer-inner\"><\/div>\n\t\t<\/div>\n\t\t\t\t\t\t<\/div>\n\t\t\t\t<\/div>\n\t\t\t\t<div class=\"elementor-element elementor-element-edb8ac0 elementor-invisible elementor-widget elementor-widget-heading\" data-id=\"edb8ac0\" data-element_type=\"widget\" data-settings=\"{&quot;_animation&quot;:&quot;zoomIn&quot;}\" data-widget_type=\"heading.default\">\n\t\t\t\t<div class=\"elementor-widget-container\">\n\t\t\t\t\t<h2 class=\"elementor-heading-title elementor-size-large\">Pr\u00eat\/e pour l'Aventure?<br><\/h2>\t\t\t\t<\/div>\n\t\t\t\t<\/div>\n\t\t\t\t<div class=\"elementor-element elementor-element-1e147843 elementor-widget elementor-widget-heading\" data-id=\"1e147843\" data-element_type=\"widget\" data-widget_type=\"heading.default\">\n\t\t\t\t<div class=\"elementor-widget-container\">\n\t\t\t\t\t<h2 class=\"elementor-heading-title elementor-size-medium\">ISLANDE EN EXLUSIVIT\u00c9.<\/h2>\t\t\t\t<\/div>\n\t\t\t\t<\/div>\n\t\t\t\t<div class=\"elementor-element elementor-element-c487698 elementor-widget elementor-widget-spacer\" data-id=\"c487698\" data-element_type=\"widget\" data-widget_type=\"spacer.default\">\n\t\t\t\t<div class=\"elementor-widget-container\">\n\t\t\t\t\t\t\t<div class=\"elementor-spacer\">\n\t\t\t<div class=\"elementor-spacer-inner\"><\/div>\n\t\t<\/div>\n\t\t\t\t\t\t<\/div>\n\t\t\t\t<\/div>\n\t\t\t\t\t<\/div>\n\t\t<\/div>\n\t\t\t\t\t<\/div>\n\t\t<\/section>\n\t\t\t\t<section class=\"elementor-section elementor-top-section elementor-element elementor-element-36246d3 elementor-section-content-middle elementor-section-full_width elementor-section-height-default elementor-section-height-default\" data-id=\"36246d3\" data-element_type=\"section\" data-settings=\"{&quot;background_background&quot;:&quot;classic&quot;}\">\n\t\t\t\t\t\t<div class=\"elementor-container elementor-column-gap-no\">\n\t\t\t\t\t<div class=\"elementor-column elementor-col-100 elementor-top-column elementor-element elementor-element-bd108ec\" data-id=\"bd108ec\" data-element_type=\"column\">\n\t\t\t<div class=\"elementor-widget-wrap elementor-element-populated\">\n\t\t\t\t\t\t<div class=\"elementor-element elementor-element-559fb75 elementor-widget elementor-widget-heading\" data-id=\"559fb75\" data-element_type=\"widget\" data-widget_type=\"heading.default\">\n\t\t\t\t<div class=\"elementor-widget-container\">\n\t\t\t\t\t<h4 class=\"elementor-heading-title elementor-size-default\">Nos voyages<\/h4>\t\t\t\t<\/div>\n\t\t\t\t<\/div>\n\t\t\t\t<div class=\"elementor-element elementor-element-f4f91b3 elementor-widget__width-initial elementor-widget elementor-widget-text-editor\" data-id=\"f4f91b3\" data-element_type=\"widget\" data-widget_type=\"text-editor.default\">\n\t\t\t\t<div class=\"elementor-widget-container\">\n\t\t\t\t\t\t\t\t\t<p class=\"translation-block\">Vivez la beaut\u00e9 intacte des fjords de l'Ouest de l'Islande \u2013 l'une des r\u00e9gions les plus isol\u00e9es et impressionnantes du pays. Nos deux voyages d'aventure \u2013 Islande Westfjords Classique et Islande Westfjords Actif \u2013 vous offrent l'opportunit\u00e9 de d\u00e9couvrir cette r\u00e9gion exceptionnelle de diff\u00e9rentes mani\u00e8res.<\/p><p>Alors que le voyage Classic offre une d\u00e9couverte d\u00e9tendue avec des randonn\u00e9es tranquilles, des exp\u00e9riences r\u00e9gionales et des h\u00e9bergements authentiques, le voyage Activ s\u2019adresse aux aventuriers souhaitant vivre des randonn\u00e9es plus intenses et d\u00e9couvrir des lieux plus isol\u00e9s. Les deux voyages incluent de nombreux points forts tels que l\u2019\u00e9quitation sur des chevaux islandais, l\u2019observation des baleines et la baignade dans des sources chaudes. La principale diff\u00e9rence r\u00e9side dans le style du voyage : le s\u00e9jour Activ comprend des randonn\u00e9es de plus de 4 heures par jour et t\u2019emm\u00e8ne dans les coins les plus recul\u00e9s des Fjords de l\u2019Ouest.\u00a0<\/p><p>Ind\u00e9cis sur le voyage qui vous convient le mieux ? Pas de probl\u00e8me ! Nous avons cr\u00e9\u00e9 un simple test pour vous aider \u00e0 choisir le voyage qui vous correspond. R\u00e9pondez aux questions sinc\u00e8rement et vous d\u00e9couvrirez facilement lequel de nos voyages est fait pour vous.<br \/>Quel que soit le voyage que tu choisis, tu pourras profiter pleinement du paysage magique des fjords de l'Ouest et cr\u00e9er des souvenirs inoubliables.<\/p>\t\t\t\t\t\t\t\t<\/div>\n\t\t\t\t<\/div>\n\t\t\t\t<section class=\"elementor-section elementor-inner-section elementor-element elementor-element-b177988 elementor-section-boxed elementor-section-height-default elementor-section-height-default\" data-id=\"b177988\" data-element_type=\"section\">\n\t\t\t\t\t\t<div class=\"elementor-container elementor-column-gap-default\">\n\t\t\t\t\t<div class=\"elementor-column elementor-col-50 elementor-inner-column elementor-element elementor-element-cc2ba7c\" data-id=\"cc2ba7c\" data-element_type=\"column\">\n\t\t\t<div class=\"elementor-widget-wrap elementor-element-populated\">\n\t\t\t\t\t\t<div class=\"elementor-element elementor-element-2d0c11e elementor-button-info elementor-align-center elementor-invisible elementor-widget elementor-widget-button\" data-id=\"2d0c11e\" data-element_type=\"widget\" data-settings=\"{&quot;_animation&quot;:&quot;fadeInUp&quot;}\" data-widget_type=\"button.default\">\n\t\t\t\t<div class=\"elementor-widget-container\">\n\t\t\t\t\t\t\t\t\t<div class=\"elementor-button-wrapper\">\n\t\t\t\t\t<a class=\"elementor-button elementor-button-link elementor-size-lg\" href=\"https:\/\/fhhgwmz5cz8.typeform.com\/to\/XdOCIMjI\">\n\t\t\t\t\t\t<span class=\"elementor-button-content-wrapper\">\n\t\t\t\t\t\t\t\t\t<span class=\"elementor-button-text\">kurzen Selbsttest machen<\/span>\n\t\t\t\t\t<\/span>\n\t\t\t\t\t<\/a>\n\t\t\t\t<\/div>\n\t\t\t\t\t\t\t\t<\/div>\n\t\t\t\t<\/div>\n\t\t\t\t\t<\/div>\n\t\t<\/div>\n\t\t\t\t<div class=\"elementor-column elementor-col-50 elementor-inner-column elementor-element elementor-element-9533079\" data-id=\"9533079\" data-element_type=\"column\">\n\t\t\t<div class=\"elementor-widget-wrap elementor-element-populated\">\n\t\t\t\t\t\t<div class=\"elementor-element elementor-element-00cc316 elementor-button-success elementor-align-center elementor-invisible elementor-widget elementor-widget-button\" data-id=\"00cc316\" data-element_type=\"widget\" data-settings=\"{&quot;_animation&quot;:&quot;fadeInUp&quot;}\" data-widget_type=\"button.default\">\n\t\t\t\t<div class=\"elementor-widget-container\">\n\t\t\t\t\t\t\t\t\t<div class=\"elementor-button-wrapper\">\n\t\t\t\t\t<a class=\"elementor-button elementor-button-link elementor-size-lg\" href=\"https:\/\/fhhgwmz5cz8.typeform.com\/to\/rKSjUbLl\">\n\t\t\t\t\t\t<span class=\"elementor-button-content-wrapper\">\n\t\t\t\t\t\t\t\t\t<span class=\"elementor-button-text\">Faire un court auto-test.<\/span>\n\t\t\t\t\t<\/span>\n\t\t\t\t\t<\/a>\n\t\t\t\t<\/div>\n\t\t\t\t\t\t\t\t<\/div>\n\t\t\t\t<\/div>\n\t\t\t\t\t<\/div>\n\t\t<\/div>\n\t\t\t\t\t<\/div>\n\t\t<\/section>\n\t\t\t\t<div class=\"elementor-element elementor-element-89bfaf7 elementor-widget elementor-widget-spacer\" data-id=\"89bfaf7\" data-element_type=\"widget\" data-widget_type=\"spacer.default\">\n\t\t\t\t<div class=\"elementor-widget-container\">\n\t\t\t\t\t\t\t<div class=\"elementor-spacer\">\n\t\t\t<div class=\"elementor-spacer-inner\"><\/div>\n\t\t<\/div>\n\t\t\t\t\t\t<\/div>\n\t\t\t\t<\/div>\n\t\t\t\t<section class=\"elementor-section elementor-inner-section elementor-element elementor-element-83374f0 elementor-section-boxed elementor-section-height-default elementor-section-height-default\" data-id=\"83374f0\" data-element_type=\"section\">\n\t\t\t\t\t\t<div class=\"elementor-container elementor-column-gap-default\">\n\t\t\t\t\t<div class=\"elementor-column elementor-col-50 elementor-inner-column elementor-element elementor-element-f8a605f\" data-id=\"f8a605f\" data-element_type=\"column\">\n\t\t\t<div class=\"elementor-widget-wrap elementor-element-populated\">\n\t\t\t\t\t\t<div class=\"elementor-element elementor-element-8c2a553 elementor-widget elementor-widget-image\" data-id=\"8c2a553\" data-element_type=\"widget\" data-widget_type=\"image.default\">\n\t\t\t\t<div class=\"elementor-widget-container\">\n\t\t\t\t\t\t\t\t\t\t\t\t\t\t\t\t<a href=\"https:\/\/www.nord-adventure.ch\/fr\/westfjorde-classic\/\">\n\t\t\t\t\t\t\t<img fetchpriority=\"high\" decoding=\"async\" width=\"1024\" height=\"683\" src=\"https:\/\/www.nord-adventure.ch\/wp-content\/uploads\/2023\/09\/Whale-Watching-Island-1-1024x683.jpg\" class=\"attachment-large size-large wp-image-2469\" alt=\"Nord-Adventure - Abentuerreisen Island\" srcset=\"https:\/\/www.nord-adventure.ch\/wp-content\/uploads\/2023\/09\/Whale-Watching-Island-1-1024x683.jpg 1024w, https:\/\/www.nord-adventure.ch\/wp-content\/uploads\/2023\/09\/Whale-Watching-Island-1-300x200.jpg 300w, https:\/\/www.nord-adventure.ch\/wp-content\/uploads\/2023\/09\/Whale-Watching-Island-1-768x512.jpg 768w, https:\/\/www.nord-adventure.ch\/wp-content\/uploads\/2023\/09\/Whale-Watching-Island-1-18x12.jpg 18w, https:\/\/www.nord-adventure.ch\/wp-content\/uploads\/2023\/09\/Whale-Watching-Island-1.jpg 1200w\" sizes=\"(max-width: 1024px) 100vw, 1024px\" \/>\t\t\t\t\t\t\t\t<\/a>\n\t\t\t\t\t\t\t\t\t\t\t\t\t\t\t<\/div>\n\t\t\t\t<\/div>\n\t\t\t\t<div class=\"elementor-element elementor-element-323715f elementor-widget elementor-widget-text-editor\" data-id=\"323715f\" data-element_type=\"widget\" data-widget_type=\"text-editor.default\">\n\t\t\t\t<div class=\"elementor-widget-container\">\n\t\t\t\t\t\t\t\t\t<p>Islande Westfjords - classique<\/p>\t\t\t\t\t\t\t\t<\/div>\n\t\t\t\t<\/div>\n\t\t\t\t\t<\/div>\n\t\t<\/div>\n\t\t\t\t<div class=\"elementor-column elementor-col-50 elementor-inner-column elementor-element elementor-element-f65eee4\" data-id=\"f65eee4\" data-element_type=\"column\">\n\t\t\t<div class=\"elementor-widget-wrap elementor-element-populated\">\n\t\t\t\t\t\t<div class=\"elementor-element elementor-element-e5bf22c elementor-widget elementor-widget-image\" data-id=\"e5bf22c\" data-element_type=\"widget\" data-widget_type=\"image.default\">\n\t\t\t\t<div class=\"elementor-widget-container\">\n\t\t\t\t\t\t\t\t\t\t\t\t\t\t\t\t<a href=\"https:\/\/www.nord-adventure.ch\/fr\/westfjorde-aktiv\/\">\n\t\t\t\t\t\t\t<img decoding=\"async\" width=\"1024\" height=\"683\" src=\"https:\/\/www.nord-adventure.ch\/wp-content\/uploads\/2024\/05\/DSCF6540_1-1024x683.jpg\" class=\"attachment-large size-large wp-image-3001\" alt=\"Nord-Adventure\" srcset=\"https:\/\/www.nord-adventure.ch\/wp-content\/uploads\/2024\/05\/DSCF6540_1-1024x683.jpg 1024w, https:\/\/www.nord-adventure.ch\/wp-content\/uploads\/2024\/05\/DSCF6540_1-300x200.jpg 300w, https:\/\/www.nord-adventure.ch\/wp-content\/uploads\/2024\/05\/DSCF6540_1-768x512.jpg 768w, https:\/\/www.nord-adventure.ch\/wp-content\/uploads\/2024\/05\/DSCF6540_1-1536x1024.jpg 1536w, https:\/\/www.nord-adventure.ch\/wp-content\/uploads\/2024\/05\/DSCF6540_1-2048x1365.jpg 2048w, https:\/\/www.nord-adventure.ch\/wp-content\/uploads\/2024\/05\/DSCF6540_1-18x12.jpg 18w\" sizes=\"(max-width: 1024px) 100vw, 1024px\" \/>\t\t\t\t\t\t\t\t<\/a>\n\t\t\t\t\t\t\t\t\t\t\t\t\t\t\t<\/div>\n\t\t\t\t<\/div>\n\t\t\t\t<div class=\"elementor-element elementor-element-e95dec5 elementor-widget elementor-widget-text-editor\" data-id=\"e95dec5\" data-element_type=\"widget\" data-widget_type=\"text-editor.default\">\n\t\t\t\t<div class=\"elementor-widget-container\">\n\t\t\t\t\t\t\t\t\t<p>Islande Westfjords - actif<\/p>\t\t\t\t\t\t\t\t<\/div>\n\t\t\t\t<\/div>\n\t\t\t\t\t<\/div>\n\t\t<\/div>\n\t\t\t\t\t<\/div>\n\t\t<\/section>\n\t\t\t\t\t<\/div>\n\t\t<\/div>\n\t\t\t\t\t<\/div>\n\t\t<\/section>\n\t\t\t\t<\/div>","protected":false},"excerpt":{"rendered":"<p>BEREIT F\u00dcR EIN ABENTEUER? ISLAND EXKLUSIV. Unsere Reisen Erlebe die unber\u00fchrte Sch\u00f6nheit der Westfjorde Islands \u2013 eine der abgelegensten und beeindruckendsten Regionen des Landes. Unsere beiden Abenteuerreisen \u2013 Island Westfjorde Classic und Island Westfjorde Aktive \u2013 bieten dir die M\u00f6glichkeit, diese au\u00dfergew\u00f6hnliche Gegend auf unterschiedliche Weise zu entdecken.\u00a0 W\u00e4hrend die Classic-Reise eine entspannte Entdeckungstour mit [&hellip;]<\/p>","protected":false},"author":4,"featured_media":0,"parent":0,"menu_order":0,"comment_status":"closed","ping_status":"closed","template":"","meta":{"ocean_post_layout":"full-screen","ocean_both_sidebars_style":"","ocean_both_sidebars_content_width":0,"ocean_both_sidebars_sidebars_width":0,"ocean_sidebar":"sidebar","ocean_second_sidebar":"0","ocean_disable_margins":"enable","ocean_add_body_class":"","ocean_shortcode_before_top_bar":"","ocean_shortcode_after_top_bar":"","ocean_shortcode_before_header":"","ocean_shortcode_after_header":"","ocean_has_shortcode":"","ocean_shortcode_after_title":"","ocean_shortcode_before_footer_widgets":"","ocean_shortcode_after_footer_widgets":"","ocean_shortcode_before_footer_bottom":"","ocean_shortcode_after_footer_bottom":"","ocean_display_top_bar":"default","ocean_display_header":"default","ocean_header_style":"","ocean_center_header_left_menu":"0","ocean_custom_header_template":"0","ocean_custom_logo":0,"ocean_custom_retina_logo":0,"ocean_custom_logo_max_width":0,"ocean_custom_logo_tablet_max_width":0,"ocean_custom_logo_mobile_max_width":0,"ocean_custom_logo_max_height":0,"ocean_custom_logo_tablet_max_height":0,"ocean_custom_logo_mobile_max_height":0,"ocean_header_custom_menu":"0","ocean_menu_typo_font_family":"0","ocean_menu_typo_font_subset":"","ocean_menu_typo_font_size":0,"ocean_menu_typo_font_size_tablet":0,"ocean_menu_typo_font_size_mobile":0,"ocean_menu_typo_font_size_unit":"px","ocean_menu_typo_font_weight":"","ocean_menu_typo_font_weight_tablet":"","ocean_menu_typo_font_weight_mobile":"","ocean_menu_typo_transform":"","ocean_menu_typo_transform_tablet":"","ocean_menu_typo_transform_mobile":"","ocean_menu_typo_line_height":0,"ocean_menu_typo_line_height_tablet":0,"ocean_menu_typo_line_height_mobile":0,"ocean_menu_typo_line_height_unit":"","ocean_menu_typo_spacing":0,"ocean_menu_typo_spacing_tablet":0,"ocean_menu_typo_spacing_mobile":0,"ocean_menu_typo_spacing_unit":"","ocean_menu_link_color":"","ocean_menu_link_color_hover":"","ocean_menu_link_color_active":"","ocean_menu_link_background":"","ocean_menu_link_hover_background":"","ocean_menu_link_active_background":"","ocean_menu_social_links_bg":"","ocean_menu_social_hover_links_bg":"","ocean_menu_social_links_color":"","ocean_menu_social_hover_links_color":"","ocean_disable_title":"on","ocean_disable_heading":"default","ocean_post_title":"","ocean_post_subheading":"","ocean_post_title_style":"","ocean_post_title_background_color":"","ocean_post_title_background":0,"ocean_post_title_bg_image_position":"","ocean_post_title_bg_image_attachment":"","ocean_post_title_bg_image_repeat":"","ocean_post_title_bg_image_size":"","ocean_post_title_height":0,"ocean_post_title_bg_overlay":0.5,"ocean_post_title_bg_overlay_color":"","ocean_disable_breadcrumbs":"default","ocean_breadcrumbs_color":"","ocean_breadcrumbs_separator_color":"","ocean_breadcrumbs_links_color":"","ocean_breadcrumbs_links_hover_color":"","ocean_display_footer_widgets":"default","ocean_display_footer_bottom":"default","ocean_custom_footer_template":"0","footnotes":""},"_links":{"self":[{"href":"https:\/\/www.nord-adventure.ch\/fr\/wp-json\/wp\/v2\/pages\/3181"}],"collection":[{"href":"https:\/\/www.nord-adventure.ch\/fr\/wp-json\/wp\/v2\/pages"}],"about":[{"href":"https:\/\/www.nord-adventure.ch\/fr\/wp-json\/wp\/v2\/types\/page"}],"author":[{"embeddable":true,"href":"https:\/\/www.nord-adventure.ch\/fr\/wp-json\/wp\/v2\/users\/4"}],"replies":[{"embeddable":true,"href":"https:\/\/www.nord-adventure.ch\/fr\/wp-json\/wp\/v2\/comments?post=3181"}],"version-history":[{"count":107,"href":"https:\/\/www.nord-adventure.ch\/fr\/wp-json\/wp\/v2\/pages\/3181\/revisions"}],"predecessor-version":[{"id":4583,"href":"https:\/\/www.nord-adventure.ch\/fr\/wp-json\/wp\/v2\/pages\/3181\/revisions\/4583"}],"wp:attachment":[{"href":"https:\/\/www.nord-adventure.ch\/fr\/wp-json\/wp\/v2\/media?parent=3181"}],"curies":[{"name":"wp","href":"https:\/\/api.w.org\/{rel}","templated":true}]}}