{"id":7,"date":"2019-08-15T14:37:49","date_gmt":"2019-08-15T12:37:49","guid":{"rendered":"http:\/\/www.nord-adventure.ch\/?page_id=7"},"modified":"2026-01-09T19:23:23","modified_gmt":"2026-01-09T18:23:23","slug":"home","status":"publish","type":"page","link":"https:\/\/www.nord-adventure.ch\/fr\/","title":{"rendered":"Home"},"content":{"rendered":"<div data-elementor-type=\"wp-post\" data-elementor-id=\"7\" class=\"elementor elementor-7\">\n\t\t\t\t\t\t<section class=\"elementor-section elementor-top-section elementor-element elementor-element-51380cb8 elementor-section-height-full elementor-section-full_width elementor-section-height-default elementor-section-items-middle\" data-id=\"51380cb8\" data-element_type=\"section\" data-settings=\"{&quot;background_background&quot;:&quot;video&quot;,&quot;background_video_link&quot;:&quot;https:\\\/\\\/www.nord-adventure.ch\\\/0609(1).mp4&quot;,&quot;animation&quot;:&quot;none&quot;,&quot;background_video_start&quot;:0,&quot;background_video_end&quot;:127,&quot;background_play_on_mobile&quot;:&quot;yes&quot;}\">\n\t\t\t\t\t\t\t\t<div class=\"elementor-background-video-container\">\n\t\t\t\t\t\t\t\t\t\t\t\t\t<video class=\"elementor-background-video-hosted\" autoplay muted playsinline loop><\/video>\n\t\t\t\t\t\t\t\t\t\t\t<\/div>\n\t\t\t\t\t\t\t\t\t<div class=\"elementor-background-overlay\"><\/div>\n\t\t\t\t\t\t\t<div class=\"elementor-container elementor-column-gap-default\">\n\t\t\t\t\t<div class=\"elementor-column elementor-col-100 elementor-top-column elementor-element elementor-element-4caba64c\" data-id=\"4caba64c\" data-element_type=\"column\">\n\t\t\t<div class=\"elementor-widget-wrap elementor-element-populated\">\n\t\t\t\t\t\t<div class=\"elementor-element elementor-element-76c71a5 elementor-widget elementor-widget-spacer\" data-id=\"76c71a5\" data-element_type=\"widget\" data-widget_type=\"spacer.default\">\n\t\t\t\t<div class=\"elementor-widget-container\">\n\t\t\t\t\t\t\t<div class=\"elementor-spacer\">\n\t\t\t<div class=\"elementor-spacer-inner\"><\/div>\n\t\t<\/div>\n\t\t\t\t\t\t<\/div>\n\t\t\t\t<\/div>\n\t\t\t\t<div class=\"elementor-element elementor-element-edb8ac0 elementor-invisible elementor-widget elementor-widget-heading\" data-id=\"edb8ac0\" data-element_type=\"widget\" data-settings=\"{&quot;_animation&quot;:&quot;zoomIn&quot;}\" data-widget_type=\"heading.default\">\n\t\t\t\t<div class=\"elementor-widget-container\">\n\t\t\t\t\t<h2 class=\"elementor-heading-title elementor-size-large\">Pr\u00eat\/e pour l'Aventure?<br><\/h2>\t\t\t\t<\/div>\n\t\t\t\t<\/div>\n\t\t\t\t<div class=\"elementor-element elementor-element-1e147843 elementor-widget elementor-widget-heading\" data-id=\"1e147843\" data-element_type=\"widget\" data-widget_type=\"heading.default\">\n\t\t\t\t<div class=\"elementor-widget-container\">\n\t\t\t\t\t<h2 class=\"elementor-heading-title elementor-size-medium\">ISLANDE EN EXLUSIVIT\u00c9.<\/h2>\t\t\t\t<\/div>\n\t\t\t\t<\/div>\n\t\t\t\t<div class=\"elementor-element elementor-element-c487698 elementor-widget elementor-widget-spacer\" data-id=\"c487698\" data-element_type=\"widget\" data-widget_type=\"spacer.default\">\n\t\t\t\t<div class=\"elementor-widget-container\">\n\t\t\t\t\t\t\t<div class=\"elementor-spacer\">\n\t\t\t<div class=\"elementor-spacer-inner\"><\/div>\n\t\t<\/div>\n\t\t\t\t\t\t<\/div>\n\t\t\t\t<\/div>\n\t\t\t\t\t<\/div>\n\t\t<\/div>\n\t\t\t\t\t<\/div>\n\t\t<\/section>\n\t\t\t\t<section class=\"elementor-section elementor-top-section elementor-element elementor-element-36246d3 elementor-section-content-middle elementor-section-full_width elementor-section-height-default elementor-section-height-default\" data-id=\"36246d3\" data-element_type=\"section\" data-settings=\"{&quot;background_background&quot;:&quot;classic&quot;}\">\n\t\t\t\t\t\t<div class=\"elementor-container elementor-column-gap-no\">\n\t\t\t\t\t<div class=\"elementor-column elementor-col-100 elementor-top-column elementor-element elementor-element-bd108ec\" data-id=\"bd108ec\" data-element_type=\"column\">\n\t\t\t<div class=\"elementor-widget-wrap elementor-element-populated\">\n\t\t\t\t\t\t<div class=\"elementor-element elementor-element-559fb75 elementor-widget elementor-widget-heading\" data-id=\"559fb75\" data-element_type=\"widget\" data-widget_type=\"heading.default\">\n\t\t\t\t<div class=\"elementor-widget-container\">\n\t\t\t\t\t<h4 class=\"elementor-heading-title elementor-size-default\">Une aventure unique en Islande\u00a0!<\/h4>\t\t\t\t<\/div>\n\t\t\t\t<\/div>\n\t\t\t\t<div class=\"elementor-element elementor-element-eca7fef elementor-widget elementor-widget-text-editor\" data-id=\"eca7fef\" data-element_type=\"widget\" data-widget_type=\"text-editor.default\">\n\t\t\t\t<div class=\"elementor-widget-container\">\n\t\t\t\t\t\t\t\t\t<p style=\"text-align: left;\">L'Islande n'est plus un secret pour personne, et de nombreuses agences de voyage proposent d\u00e9j\u00e0 diff\u00e9rentes excursions. Notre motivation \u00e0 offrir des voyages uniques, loin des foules touristiques, est grande. Des routes sans fin, des fjords \u00e0 couper le souffle, des c\u00f4tes rocheuses, des plages noires, des villages de p\u00eacheurs isol\u00e9s et un climat unique avec des lumi\u00e8res spectaculaires. Des voyages d'aventure pour ceux qui souhaitent vivre quelques jours inoubliables, loin du stress et de l'agitation du quotidien. Des voyages actifs avec des randonn\u00e9es, de la cuisine locale, des bains chauds, des h\u00e9bergements pittoresques dans les r\u00e9gions les plus impressionnantes et sauvages des fjords de l'Ouest. A\u00e9rer l'esprit et vivre ces exp\u00e9riences exclusives avec des personnes partageant les m\u00eames id\u00e9es. Afram Island !<\/p>\t\t\t\t\t\t\t\t<\/div>\n\t\t\t\t<\/div>\n\t\t\t\t<section class=\"elementor-section elementor-inner-section elementor-element elementor-element-2cb1319 elementor-section-boxed elementor-section-height-default elementor-section-height-default\" data-id=\"2cb1319\" data-element_type=\"section\">\n\t\t\t\t\t\t<div class=\"elementor-container elementor-column-gap-default\">\n\t\t\t\t\t<div class=\"elementor-column elementor-col-33 elementor-inner-column elementor-element elementor-element-afaa751\" data-id=\"afaa751\" data-element_type=\"column\">\n\t\t\t<div class=\"elementor-widget-wrap elementor-element-populated\">\n\t\t\t\t\t\t<div class=\"elementor-element elementor-element-e026a86 animated-slow elementor-invisible elementor-widget elementor-widget-image\" data-id=\"e026a86\" data-element_type=\"widget\" data-settings=\"{&quot;_animation&quot;:&quot;fadeIn&quot;}\" data-widget_type=\"image.default\">\n\t\t\t\t<div class=\"elementor-widget-container\">\n\t\t\t\t\t\t\t\t\t\t\t\t\t\t\t\t<a href=\"https:\/\/www.nord-adventure.ch\/fr\/Reisen\/\">\n\t\t\t\t\t\t\t<img fetchpriority=\"high\" decoding=\"async\" width=\"1024\" height=\"683\" src=\"https:\/\/www.nord-adventure.ch\/wp-content\/uploads\/2025\/12\/DSCF3861-1024x683.jpg\" class=\"attachment-large size-large wp-image-4566\" alt=\"Abentuerreisen Island - Nord-Adventure\" srcset=\"https:\/\/www.nord-adventure.ch\/wp-content\/uploads\/2025\/12\/DSCF3861-1024x683.jpg 1024w, https:\/\/www.nord-adventure.ch\/wp-content\/uploads\/2025\/12\/DSCF3861-300x200.jpg 300w, https:\/\/www.nord-adventure.ch\/wp-content\/uploads\/2025\/12\/DSCF3861-768x512.jpg 768w, https:\/\/www.nord-adventure.ch\/wp-content\/uploads\/2025\/12\/DSCF3861-1536x1024.jpg 1536w, https:\/\/www.nord-adventure.ch\/wp-content\/uploads\/2025\/12\/DSCF3861-18x12.jpg 18w, https:\/\/www.nord-adventure.ch\/wp-content\/uploads\/2025\/12\/DSCF3861.jpg 1600w\" sizes=\"(max-width: 1024px) 100vw, 1024px\" \/>\t\t\t\t\t\t\t\t<\/a>\n\t\t\t\t\t\t\t\t\t\t\t\t\t\t\t<\/div>\n\t\t\t\t<\/div>\n\t\t\t\t<div class=\"elementor-element elementor-element-7678c71 elementor-widget elementor-widget-text-editor\" data-id=\"7678c71\" data-element_type=\"widget\" data-widget_type=\"text-editor.default\">\n\t\t\t\t<div class=\"elementor-widget-container\">\n\t\t\t\t\t\t\t\t\t<p>Nos voyages <br><\/p>\t\t\t\t\t\t\t\t<\/div>\n\t\t\t\t<\/div>\n\t\t\t\t\t<\/div>\n\t\t<\/div>\n\t\t\t\t<div class=\"elementor-column elementor-col-33 elementor-inner-column elementor-element elementor-element-47508b1\" data-id=\"47508b1\" data-element_type=\"column\">\n\t\t\t<div class=\"elementor-widget-wrap elementor-element-populated\">\n\t\t\t\t\t\t<div class=\"elementor-element elementor-element-695e57e animated-slow elementor-invisible elementor-widget elementor-widget-image\" data-id=\"695e57e\" data-element_type=\"widget\" data-settings=\"{&quot;_animation&quot;:&quot;fadeIn&quot;}\" data-widget_type=\"image.default\">\n\t\t\t\t<div class=\"elementor-widget-container\">\n\t\t\t\t\t\t\t\t\t\t\t\t\t\t\t\t<a href=\"https:\/\/www.nord-adventure.ch\/fr\/team\/\">\n\t\t\t\t\t\t\t<img decoding=\"async\" width=\"1024\" height=\"683\" src=\"https:\/\/www.nord-adventure.ch\/wp-content\/uploads\/2020\/02\/Team-1024x683.jpg\" class=\"attachment-large size-large wp-image-2016\" alt=\"Island exklusiv. Team\" srcset=\"https:\/\/www.nord-adventure.ch\/wp-content\/uploads\/2020\/02\/Team-1024x683.jpg 1024w, https:\/\/www.nord-adventure.ch\/wp-content\/uploads\/2020\/02\/Team-300x200.jpg 300w, https:\/\/www.nord-adventure.ch\/wp-content\/uploads\/2020\/02\/Team-768x512.jpg 768w, https:\/\/www.nord-adventure.ch\/wp-content\/uploads\/2020\/02\/Team.jpg 1200w\" sizes=\"(max-width: 1024px) 100vw, 1024px\" \/>\t\t\t\t\t\t\t\t<\/a>\n\t\t\t\t\t\t\t\t\t\t\t\t\t\t\t<\/div>\n\t\t\t\t<\/div>\n\t\t\t\t<div class=\"elementor-element elementor-element-1a63593 elementor-widget elementor-widget-text-editor\" data-id=\"1a63593\" data-element_type=\"widget\" data-widget_type=\"text-editor.default\">\n\t\t\t\t<div class=\"elementor-widget-container\">\n\t\t\t\t\t\t\t\t\t<p>L'\u00e9quipe<\/p>\t\t\t\t\t\t\t\t<\/div>\n\t\t\t\t<\/div>\n\t\t\t\t\t<\/div>\n\t\t<\/div>\n\t\t\t\t<div class=\"elementor-column elementor-col-33 elementor-inner-column elementor-element elementor-element-d738a88\" data-id=\"d738a88\" data-element_type=\"column\">\n\t\t\t<div class=\"elementor-widget-wrap elementor-element-populated\">\n\t\t\t\t\t\t<div class=\"elementor-element elementor-element-1934777 animated-slow elementor-invisible elementor-widget elementor-widget-image\" data-id=\"1934777\" data-element_type=\"widget\" data-settings=\"{&quot;_animation&quot;:&quot;fadeIn&quot;}\" data-widget_type=\"image.default\">\n\t\t\t\t<div class=\"elementor-widget-container\">\n\t\t\t\t\t\t\t\t\t\t\t\t\t\t\t\t<a href=\"https:\/\/www.nord-adventure.ch\/fr\/impressionen-2\/\">\n\t\t\t\t\t\t\t<img decoding=\"async\" width=\"1024\" height=\"683\" src=\"https:\/\/www.nord-adventure.ch\/wp-content\/uploads\/2025\/12\/DSCF4264-1024x683.jpg\" class=\"attachment-large size-large wp-image-4570\" alt=\"Abentuerreisen Island - Nord-Adventure\" srcset=\"https:\/\/www.nord-adventure.ch\/wp-content\/uploads\/2025\/12\/DSCF4264-1024x683.jpg 1024w, https:\/\/www.nord-adventure.ch\/wp-content\/uploads\/2025\/12\/DSCF4264-300x200.jpg 300w, https:\/\/www.nord-adventure.ch\/wp-content\/uploads\/2025\/12\/DSCF4264-768x512.jpg 768w, https:\/\/www.nord-adventure.ch\/wp-content\/uploads\/2025\/12\/DSCF4264-1536x1024.jpg 1536w, https:\/\/www.nord-adventure.ch\/wp-content\/uploads\/2025\/12\/DSCF4264-18x12.jpg 18w, https:\/\/www.nord-adventure.ch\/wp-content\/uploads\/2025\/12\/DSCF4264.jpg 1600w\" sizes=\"(max-width: 1024px) 100vw, 1024px\" \/>\t\t\t\t\t\t\t\t<\/a>\n\t\t\t\t\t\t\t\t\t\t\t\t\t\t\t<\/div>\n\t\t\t\t<\/div>\n\t\t\t\t<div class=\"elementor-element elementor-element-428cf61 elementor-widget elementor-widget-text-editor\" data-id=\"428cf61\" data-element_type=\"widget\" data-widget_type=\"text-editor.default\">\n\t\t\t\t<div class=\"elementor-widget-container\">\n\t\t\t\t\t\t\t\t\t<p>Impressions<\/p>\t\t\t\t\t\t\t\t<\/div>\n\t\t\t\t<\/div>\n\t\t\t\t\t<\/div>\n\t\t<\/div>\n\t\t\t\t\t<\/div>\n\t\t<\/section>\n\t\t\t\t<section class=\"elementor-section elementor-inner-section elementor-element elementor-element-3e4e28f elementor-section-boxed elementor-section-height-default elementor-section-height-default\" data-id=\"3e4e28f\" data-element_type=\"section\">\n\t\t\t\t\t\t<div class=\"elementor-container elementor-column-gap-default\">\n\t\t\t\t\t<div class=\"elementor-column elementor-col-33 elementor-inner-column elementor-element elementor-element-4c28c90\" data-id=\"4c28c90\" data-element_type=\"column\">\n\t\t\t<div class=\"elementor-widget-wrap elementor-element-populated\">\n\t\t\t\t\t\t<div class=\"elementor-element elementor-element-9b571dd animated-slow elementor-invisible elementor-widget elementor-widget-image\" data-id=\"9b571dd\" data-element_type=\"widget\" data-settings=\"{&quot;_animation&quot;:&quot;fadeIn&quot;}\" data-widget_type=\"image.default\">\n\t\t\t\t<div class=\"elementor-widget-container\">\n\t\t\t\t\t\t\t\t\t\t\t\t\t\t\t\t<a href=\"https:\/\/www.nord-adventure.ch\/fr\/kundenbewertungen\/\">\n\t\t\t\t\t\t\t<img loading=\"lazy\" decoding=\"async\" width=\"1024\" height=\"683\" src=\"https:\/\/www.nord-adventure.ch\/wp-content\/uploads\/2025\/12\/DSCF6012-1024x683.jpg\" class=\"attachment-large size-large wp-image-4580\" alt=\"Abentuerreisen Island - Nord-Adventure\" srcset=\"https:\/\/www.nord-adventure.ch\/wp-content\/uploads\/2025\/12\/DSCF6012-1024x683.jpg 1024w, https:\/\/www.nord-adventure.ch\/wp-content\/uploads\/2025\/12\/DSCF6012-300x200.jpg 300w, https:\/\/www.nord-adventure.ch\/wp-content\/uploads\/2025\/12\/DSCF6012-768x512.jpg 768w, https:\/\/www.nord-adventure.ch\/wp-content\/uploads\/2025\/12\/DSCF6012-1536x1024.jpg 1536w, https:\/\/www.nord-adventure.ch\/wp-content\/uploads\/2025\/12\/DSCF6012-18x12.jpg 18w, https:\/\/www.nord-adventure.ch\/wp-content\/uploads\/2025\/12\/DSCF6012.jpg 1600w\" sizes=\"(max-width: 1024px) 100vw, 1024px\" \/>\t\t\t\t\t\t\t\t<\/a>\n\t\t\t\t\t\t\t\t\t\t\t\t\t\t\t<\/div>\n\t\t\t\t<\/div>\n\t\t\t\t<div class=\"elementor-element elementor-element-c942418 elementor-widget elementor-widget-text-editor\" data-id=\"c942418\" data-element_type=\"widget\" data-widget_type=\"text-editor.default\">\n\t\t\t\t<div class=\"elementor-widget-container\">\n\t\t\t\t\t\t\t\t\t<p>Avis des clients<\/p>\t\t\t\t\t\t\t\t<\/div>\n\t\t\t\t<\/div>\n\t\t\t\t\t<\/div>\n\t\t<\/div>\n\t\t\t\t<div class=\"elementor-column elementor-col-33 elementor-inner-column elementor-element elementor-element-d27027b\" data-id=\"d27027b\" data-element_type=\"column\">\n\t\t\t<div class=\"elementor-widget-wrap elementor-element-populated\">\n\t\t\t\t\t\t<div class=\"elementor-element elementor-element-5c5a303 animated-slow elementor-invisible elementor-widget elementor-widget-image\" data-id=\"5c5a303\" data-element_type=\"widget\" data-settings=\"{&quot;_animation&quot;:&quot;fadeIn&quot;}\" data-widget_type=\"image.default\">\n\t\t\t\t<div class=\"elementor-widget-container\">\n\t\t\t\t\t\t\t\t\t\t\t\t\t\t\t\t<a href=\"https:\/\/www.nord-adventure.ch\/fr\/Reiseinformationen\/\">\n\t\t\t\t\t\t\t<img loading=\"lazy\" decoding=\"async\" width=\"1024\" height=\"683\" src=\"https:\/\/www.nord-adventure.ch\/wp-content\/uploads\/2024\/11\/DSCF4131-1024x683.jpg\" class=\"attachment-large size-large wp-image-3449\" alt=\"Abentuerreisen Island - Nord-Adventure\" srcset=\"https:\/\/www.nord-adventure.ch\/wp-content\/uploads\/2024\/11\/DSCF4131-1024x683.jpg 1024w, https:\/\/www.nord-adventure.ch\/wp-content\/uploads\/2024\/11\/DSCF4131-300x200.jpg 300w, https:\/\/www.nord-adventure.ch\/wp-content\/uploads\/2024\/11\/DSCF4131-768x512.jpg 768w, https:\/\/www.nord-adventure.ch\/wp-content\/uploads\/2024\/11\/DSCF4131-1536x1024.jpg 1536w, https:\/\/www.nord-adventure.ch\/wp-content\/uploads\/2024\/11\/DSCF4131-18x12.jpg 18w, https:\/\/www.nord-adventure.ch\/wp-content\/uploads\/2024\/11\/DSCF4131.jpg 1600w\" sizes=\"(max-width: 1024px) 100vw, 1024px\" \/>\t\t\t\t\t\t\t\t<\/a>\n\t\t\t\t\t\t\t\t\t\t\t\t\t\t\t<\/div>\n\t\t\t\t<\/div>\n\t\t\t\t<div class=\"elementor-element elementor-element-2341665 elementor-widget elementor-widget-text-editor\" data-id=\"2341665\" data-element_type=\"widget\" data-widget_type=\"text-editor.default\">\n\t\t\t\t<div class=\"elementor-widget-container\">\n\t\t\t\t\t\t\t\t\t<p>Informations sur le voyage<\/p>\t\t\t\t\t\t\t\t<\/div>\n\t\t\t\t<\/div>\n\t\t\t\t\t<\/div>\n\t\t<\/div>\n\t\t\t\t<div class=\"elementor-column elementor-col-33 elementor-inner-column elementor-element elementor-element-f3fd9e5\" data-id=\"f3fd9e5\" data-element_type=\"column\">\n\t\t\t<div class=\"elementor-widget-wrap elementor-element-populated\">\n\t\t\t\t\t\t<div class=\"elementor-element elementor-element-be9e8cf animated-slow elementor-invisible elementor-widget elementor-widget-image\" data-id=\"be9e8cf\" data-element_type=\"widget\" data-settings=\"{&quot;_animation&quot;:&quot;fadeIn&quot;}\" data-widget_type=\"image.default\">\n\t\t\t\t<div class=\"elementor-widget-container\">\n\t\t\t\t\t\t\t\t\t\t\t\t\t\t\t\t<a href=\"https:\/\/www.nord-adventure.ch\/fr\/Angebot\/\">\n\t\t\t\t\t\t\t<img loading=\"lazy\" decoding=\"async\" width=\"1024\" height=\"683\" src=\"https:\/\/www.nord-adventure.ch\/wp-content\/uploads\/2024\/11\/DJI_20231009121329_0121_D-1024x683.jpg\" class=\"attachment-large size-large wp-image-3411\" alt=\"Abentuerreisen Island - Nord-Adventure\" srcset=\"https:\/\/www.nord-adventure.ch\/wp-content\/uploads\/2024\/11\/DJI_20231009121329_0121_D-1024x683.jpg 1024w, https:\/\/www.nord-adventure.ch\/wp-content\/uploads\/2024\/11\/DJI_20231009121329_0121_D-300x200.jpg 300w, https:\/\/www.nord-adventure.ch\/wp-content\/uploads\/2024\/11\/DJI_20231009121329_0121_D-768x512.jpg 768w, https:\/\/www.nord-adventure.ch\/wp-content\/uploads\/2024\/11\/DJI_20231009121329_0121_D-1536x1024.jpg 1536w, https:\/\/www.nord-adventure.ch\/wp-content\/uploads\/2024\/11\/DJI_20231009121329_0121_D-18x12.jpg 18w, https:\/\/www.nord-adventure.ch\/wp-content\/uploads\/2024\/11\/DJI_20231009121329_0121_D.jpg 1600w\" sizes=\"(max-width: 1024px) 100vw, 1024px\" \/>\t\t\t\t\t\t\t\t<\/a>\n\t\t\t\t\t\t\t\t\t\t\t\t\t\t\t<\/div>\n\t\t\t\t<\/div>\n\t\t\t\t<div class=\"elementor-element elementor-element-99758ce elementor-widget elementor-widget-text-editor\" data-id=\"99758ce\" data-element_type=\"widget\" data-widget_type=\"text-editor.default\">\n\t\t\t\t<div class=\"elementor-widget-container\">\n\t\t\t\t\t\t\t\t\t<p>Offres et Prix<\/p>\t\t\t\t\t\t\t\t<\/div>\n\t\t\t\t<\/div>\n\t\t\t\t\t<\/div>\n\t\t<\/div>\n\t\t\t\t\t<\/div>\n\t\t<\/section>\n\t\t\t\t\t<\/div>\n\t\t<\/div>\n\t\t\t\t\t<\/div>\n\t\t<\/section>\n\t\t\t\t<\/div>","protected":false},"excerpt":{"rendered":"<p>BEREIT F\u00dcR EIN ABENTEUER? ISLAND EXKLUSIV. Ein exklusives Island-Abenteuer Island ist schon lange kein Geheimtipp mehr und viele Reiseunternehmen bieten bereits unterschiedliche Touren an. Unsere Motivation, einzigartige Reisen abseits von den grossen Touristenstr\u00f6men anzubieten, ist gross. Endlose Strassen, atemberaubende Fjorde, steinige K\u00fcsten, schwarze Str\u00e4nde, abgelegene Fischerd\u00f6rfer und dazu das passende Wetter mit einmaligen Lichtstimmungen. Abenteuerreisen [&hellip;]<\/p>","protected":false},"author":4,"featured_media":0,"parent":0,"menu_order":0,"comment_status":"closed","ping_status":"closed","template":"","meta":{"ocean_post_layout":"full-screen","ocean_both_sidebars_style":"","ocean_both_sidebars_content_width":0,"ocean_both_sidebars_sidebars_width":0,"ocean_sidebar":"sidebar","ocean_second_sidebar":"0","ocean_disable_margins":"enable","ocean_add_body_class":"","ocean_shortcode_before_top_bar":"","ocean_shortcode_after_top_bar":"","ocean_shortcode_before_header":"","ocean_shortcode_after_header":"","ocean_has_shortcode":"","ocean_shortcode_after_title":"","ocean_shortcode_before_footer_widgets":"","ocean_shortcode_after_footer_widgets":"","ocean_shortcode_before_footer_bottom":"","ocean_shortcode_after_footer_bottom":"","ocean_display_top_bar":"default","ocean_display_header":"default","ocean_header_style":"","ocean_center_header_left_menu":"0","ocean_custom_header_template":"0","ocean_custom_logo":0,"ocean_custom_retina_logo":0,"ocean_custom_logo_max_width":0,"ocean_custom_logo_tablet_max_width":0,"ocean_custom_logo_mobile_max_width":0,"ocean_custom_logo_max_height":0,"ocean_custom_logo_tablet_max_height":0,"ocean_custom_logo_mobile_max_height":0,"ocean_header_custom_menu":"0","ocean_menu_typo_font_family":"0","ocean_menu_typo_font_subset":"","ocean_menu_typo_font_size":0,"ocean_menu_typo_font_size_tablet":0,"ocean_menu_typo_font_size_mobile":0,"ocean_menu_typo_font_size_unit":"px","ocean_menu_typo_font_weight":"","ocean_menu_typo_font_weight_tablet":"","ocean_menu_typo_font_weight_mobile":"","ocean_menu_typo_transform":"","ocean_menu_typo_transform_tablet":"","ocean_menu_typo_transform_mobile":"","ocean_menu_typo_line_height":0,"ocean_menu_typo_line_height_tablet":0,"ocean_menu_typo_line_height_mobile":0,"ocean_menu_typo_line_height_unit":"","ocean_menu_typo_spacing":0,"ocean_menu_typo_spacing_tablet":0,"ocean_menu_typo_spacing_mobile":0,"ocean_menu_typo_spacing_unit":"","ocean_menu_link_color":"","ocean_menu_link_color_hover":"","ocean_menu_link_color_active":"","ocean_menu_link_background":"","ocean_menu_link_hover_background":"","ocean_menu_link_active_background":"","ocean_menu_social_links_bg":"","ocean_menu_social_hover_links_bg":"","ocean_menu_social_links_color":"","ocean_menu_social_hover_links_color":"","ocean_disable_title":"on","ocean_disable_heading":"default","ocean_post_title":"","ocean_post_subheading":"","ocean_post_title_style":"","ocean_post_title_background_color":"","ocean_post_title_background":0,"ocean_post_title_bg_image_position":"","ocean_post_title_bg_image_attachment":"","ocean_post_title_bg_image_repeat":"","ocean_post_title_bg_image_size":"","ocean_post_title_height":0,"ocean_post_title_bg_overlay":0.5,"ocean_post_title_bg_overlay_color":"","ocean_disable_breadcrumbs":"default","ocean_breadcrumbs_color":"","ocean_breadcrumbs_separator_color":"","ocean_breadcrumbs_links_color":"","ocean_breadcrumbs_links_hover_color":"","ocean_display_footer_widgets":"default","ocean_display_footer_bottom":"default","ocean_custom_footer_template":"0","footnotes":""},"_links":{"self":[{"href":"https:\/\/www.nord-adventure.ch\/fr\/wp-json\/wp\/v2\/pages\/7"}],"collection":[{"href":"https:\/\/www.nord-adventure.ch\/fr\/wp-json\/wp\/v2\/pages"}],"about":[{"href":"https:\/\/www.nord-adventure.ch\/fr\/wp-json\/wp\/v2\/types\/page"}],"author":[{"embeddable":true,"href":"https:\/\/www.nord-adventure.ch\/fr\/wp-json\/wp\/v2\/users\/4"}],"replies":[{"embeddable":true,"href":"https:\/\/www.nord-adventure.ch\/fr\/wp-json\/wp\/v2\/comments?post=7"}],"version-history":[{"count":965,"href":"https:\/\/www.nord-adventure.ch\/fr\/wp-json\/wp\/v2\/pages\/7\/revisions"}],"predecessor-version":[{"id":4639,"href":"https:\/\/www.nord-adventure.ch\/fr\/wp-json\/wp\/v2\/pages\/7\/revisions\/4639"}],"wp:attachment":[{"href":"https:\/\/www.nord-adventure.ch\/fr\/wp-json\/wp\/v2\/media?parent=7"}],"curies":[{"name":"wp","href":"https:\/\/api.w.org\/{rel}","templated":true}]}}